{"id":253,"date":"2025-12-13T01:16:55","date_gmt":"2025-12-13T01:16:55","guid":{"rendered":"https:\/\/elcentenariograndrapids.com\/?page_id=253"},"modified":"2026-02-21T03:40:56","modified_gmt":"2026-02-21T03:40:56","slug":"conocenos","status":"publish","type":"page","link":"https:\/\/elcentenariograndrapids.com\/en\/conocenos\/","title":{"rendered":"Con\u00f3cenos"},"content":{"rendered":"<p>[et_pb_section fb_built=&#8221;1&#8243; admin_label=&#8221;Animals&#8221; _builder_version=&#8221;4.27.5&#8243; _module_preset=&#8221;default&#8221; background_color=&#8221;#c48c25&#8243; background_image=&#8221;https:\/\/elcentenariograndrapids.com\/wp-content\/uploads\/2025\/12\/fondo-blanco-sucio-de-cemento-natural-o-textura-antigua-de-piedra-como-una-pared-de-patron-retro-banner-de-pared-conceptual-grunge-material-o-construccion-scaled-1.jpg&#8221; background_blend=&#8221;multiply&#8221; background_enable_pattern_style=&#8221;on&#8221; background_pattern_style=&#8221;waves&#8221; background_pattern_size=&#8221;custom&#8221; background_pattern_width=&#8221;93px&#8221; background_enable_mask_style=&#8221;on&#8221; background_mask_style=&#8221;diagonal-pills&#8221; background_mask_color=&#8221;#0D0D0D&#8221; background_mask_size=&#8221;cover&#8221; collapsed=&#8221;on&#8221; global_colors_info=&#8221;{}&#8221;][et_pb_row column_structure=&#8221;1_2,1_2&#8243; use_custom_gutter=&#8221;on&#8221; make_equal=&#8221;on&#8221; _builder_version=&#8221;4.27.4&#8243; _module_preset=&#8221;default&#8221; width=&#8221;100%&#8221; max_width=&#8221;1397px&#8221; custom_padding=&#8221;|2rem||2rem|false|true&#8221; global_colors_info=&#8221;{}&#8221;][et_pb_column type=&#8221;1_2&#8243; _builder_version=&#8221;4.27.4&#8243; _module_preset=&#8221;default&#8221; global_colors_info=&#8221;{}&#8221;][et_pb_text _builder_version=&#8221;4.27.5&#8243; _module_preset=&#8221;_initial&#8221; header_text_color=&#8221;#f9f6ed&#8221; header_font_size=&#8221;49px&#8221; custom_padding=&#8221;10rem||||false|false&#8221; custom_padding_tablet=&#8221;0rem||||false|false&#8221; custom_padding_phone=&#8221;0rem||||false|false&#8221; custom_padding_last_edited=&#8221;on|desktop&#8221; header_text_align_tablet=&#8221;center&#8221; header_text_align_phone=&#8221;center&#8221; header_text_align_last_edited=&#8221;on|desktop&#8221; header_font_size_tablet=&#8221;49px&#8221; header_font_size_phone=&#8221;49px&#8221; header_font_size_last_edited=&#8221;on|tablet&#8221; global_colors_info=&#8221;{}&#8221;]<\/p>\n<h1>Te esperamos para compartir el verdadero sabor mexicano<\/h1>\n<p>[\/et_pb_text][et_pb_text _builder_version=&#8221;4.27.5&#8243; _module_preset=&#8221;_initial&#8221; text_font=&#8221;&#8211;et_global_body_font||||||||&#8221; text_text_color=&#8221;#F9F6ED&#8221; text_font_size_tablet=&#8221;&#8221; text_font_size_phone=&#8221;&#8221; text_font_size_last_edited=&#8221;on|tablet&#8221; text_orientation_tablet=&#8221;center&#8221; text_orientation_phone=&#8221;center&#8221; text_orientation_last_edited=&#8221;on|phone&#8221; global_colors_info=&#8221;{}&#8221;]<\/p>\n<p>El Centenario nace del orgullo por la cocina mexicana.<\/p>\n<p data-start=\"4546\" data-end=\"4606\">Creemos que la comida mexicana no solo se prepara\u2026 se honra. Cada receta representa tradici\u00f3n, familia y cultura.<\/p>\n<ul data-start=\"4690\" data-end=\"4773\">\n<li data-start=\"4690\" data-end=\"4724\">\n<p data-start=\"4692\" data-end=\"4724\">Salsas preparadas con car\u00e1cter<\/p>\n<\/li>\n<li data-start=\"4725\" data-end=\"4752\">\n<p data-start=\"4727\" data-end=\"4752\">Platillos con identidad<\/p>\n<\/li>\n<li data-start=\"4753\" data-end=\"4773\">\n<p data-start=\"4755\" data-end=\"4773\">Atenci\u00f3n cercana<\/p>\n<\/li>\n<\/ul>\n<p>[\/et_pb_text][\/et_pb_column][et_pb_column type=&#8221;1_2&#8243; _builder_version=&#8221;4.27.4&#8243; _module_preset=&#8221;default&#8221; global_colors_info=&#8221;{}&#8221;][wdcl_image_carousel nav_pagi=&#8221;none&#8221; slide_count=&#8221;1&#8243; is_center=&#8221;on&#8221; center_mode_type=&#8221;highlighted&#8221; _builder_version=&#8221;4.27.5&#8243; _module_preset=&#8221;default&#8221; width=&#8221;68%&#8221; module_alignment=&#8221;center&#8221; border_radii=&#8221;on|20px|20px|20px|20px&#8221; box_shadow_style=&#8221;preset2&#8243; global_colors_info=&#8221;{}&#8221;][wdcl_image_carousel_child photo=&#8221;https:\/\/elcentenariograndrapids.com\/wp-content\/uploads\/2026\/02\/518450802_710580915207904_7699240160107698279_n.jpg&#8221; _builder_version=&#8221;4.27.5&#8243; _module_preset=&#8221;default&#8221; global_colors_info=&#8221;{}&#8221;][\/wdcl_image_carousel_child][wdcl_image_carousel_child photo=&#8221;https:\/\/elcentenariograndrapids.com\/wp-content\/uploads\/2026\/02\/518278060_708370168762312_7874583038732064644_n.jpg&#8221; _builder_version=&#8221;4.27.5&#8243; _module_preset=&#8221;default&#8221; global_colors_info=&#8221;{}&#8221;][\/wdcl_image_carousel_child][wdcl_image_carousel_child photo=&#8221;https:\/\/elcentenariograndrapids.com\/wp-content\/uploads\/2026\/02\/623225145_864240033175324_7504799930998443917_n.jpg&#8221; _builder_version=&#8221;4.27.5&#8243; _module_preset=&#8221;default&#8221; global_colors_info=&#8221;{}&#8221;][\/wdcl_image_carousel_child][wdcl_image_carousel_child photo=&#8221;https:\/\/elcentenariograndrapids.com\/wp-content\/uploads\/2026\/02\/608540136_846653414933986_7373898202019324269_n.jpg&#8221; _builder_version=&#8221;4.27.5&#8243; _module_preset=&#8221;default&#8221; global_colors_info=&#8221;{}&#8221;][\/wdcl_image_carousel_child][\/wdcl_image_carousel][\/et_pb_column][\/et_pb_row][\/et_pb_section][et_pb_section fb_built=&#8221;1&#8243; next_background_color=&#8221;#5e4200&#8243; admin_label=&#8221;Call to Action&#8221; _builder_version=&#8221;4.27.5&#8243; _module_preset=&#8221;default&#8221; use_background_color_gradient=&#8221;on&#8221; background_color_gradient_direction=&#8221;90deg&#8221; background_color_gradient_stops=&#8221;#000000 0%|rgba(43,27,18,0.5) 100%&#8221; background_color_gradient_overlays_image=&#8221;on&#8221; background_image=&#8221;https:\/\/elcentenariograndrapids.com\/wp-content\/uploads\/2026\/02\/613110630_849755257957135_6325382360738556890_n.jpg&#8221; parallax=&#8221;on&#8221; bottom_divider_style=&#8221;waves2&#8243; bottom_divider_style_tablet=&#8221;waves2&#8243; bottom_divider_style_phone=&#8221;waves2&#8243; bottom_divider_style_last_edited=&#8221;on|tablet&#8221; bottom_divider_height_tablet=&#8221;44px&#8221; bottom_divider_height_phone=&#8221;44px&#8221; bottom_divider_height_last_edited=&#8221;on|phone&#8221; collapsed=&#8221;on&#8221; global_colors_info=&#8221;{}&#8221;][et_pb_row column_structure=&#8221;1_2,1_2&#8243; _builder_version=&#8221;4.25.1&#8243; _module_preset=&#8221;default&#8221; max_width=&#8221;1280px&#8221; global_colors_info=&#8221;{}&#8221;][et_pb_column type=&#8221;1_2&#8243; _builder_version=&#8221;4.25.1&#8243; _module_preset=&#8221;default&#8221; global_colors_info=&#8221;{}&#8221;][et_pb_text _builder_version=&#8221;4.27.4&#8243; _module_preset=&#8221;_initial&#8221; header_2_font=&#8221;&#8211;et_global_heading_font||||||||&#8221; header_2_text_color=&#8221;#f9f6ed&#8221; header_2_font_size=&#8221;63px&#8221; custom_padding=&#8221;16rem||||false|false&#8221; custom_padding_tablet=&#8221;4rem||||false|false&#8221; custom_padding_phone=&#8221;2rem||||false|false&#8221; custom_padding_last_edited=&#8221;on|phone&#8221; header_2_text_align_tablet=&#8221;center&#8221; header_2_text_align_phone=&#8221;center&#8221; header_2_text_align_last_edited=&#8221;on|desktop&#8221; header_2_font_size_tablet=&#8221;63px&#8221; header_2_font_size_phone=&#8221;53px&#8221; header_2_font_size_last_edited=&#8221;on|desktop&#8221; header_2_text_shadow_style=&#8221;preset1&#8243; locked=&#8221;off&#8221; global_colors_info=&#8221;{}&#8221;]<\/p>\n<h2>\u00a0<strong data-start=\"249\" data-end=\"289\">Ven al Centenario\u00a0<\/strong><\/h2>\n<p>[\/et_pb_text][et_pb_text _builder_version=&#8221;4.27.4&#8243; _module_preset=&#8221;_initial&#8221; text_font=&#8221;&#8211;et_global_body_font||||||||&#8221; text_text_color=&#8221;#F9F6ED&#8221; text_font_size_tablet=&#8221;&#8221; text_font_size_phone=&#8221;&#8221; text_font_size_last_edited=&#8221;on|tablet&#8221; text_orientation_tablet=&#8221;center&#8221; text_orientation_phone=&#8221;center&#8221; text_orientation_last_edited=&#8221;on|phone&#8221; global_colors_info=&#8221;{}&#8221;]<\/p>\n<p data-start=\"292\" data-end=\"499\">El Centenario naci\u00f3 con una idea clara: ofrecer comida mexicana aut\u00e9ntica en un ambiente c\u00e1lido, accesible y familiar.<br data-start=\"6259\" data-end=\"6262\" \/>Sin historias inventadas, solo buena comida y excelente servicio.<\/p>\n<ul>\n<li data-start=\"6361\" data-end=\"6417\">\n<p data-start=\"6363\" data-end=\"6417\">Chefs con experiencia en cocina mexicana tradicional<\/p>\n<\/li>\n<li data-start=\"6418\" data-end=\"6457\">\n<p data-start=\"6420\" data-end=\"6457\">Ingredientes frescos todos los d\u00edas<\/p>\n<\/li>\n<li data-start=\"6458\" data-end=\"6496\">\n<p data-start=\"6460\" data-end=\"6496\">Recetas pr\u00e1cticas, llenas de sabor<\/p>\n<\/li>\n<\/ul>\n<p>[\/et_pb_text][et_pb_image src=&#8221;https:\/\/elcentenariograndrapids.com\/wp-content\/uploads\/2026\/02\/Trompito.png&#8221; title_text=&#8221;Trompito&#8221; align=&#8221;center&#8221; _builder_version=&#8221;4.27.5&#8243; _module_preset=&#8221;default&#8221; width_tablet=&#8221;80%&#8221; width_phone=&#8221;100%&#8221; width_last_edited=&#8221;on|desktop&#8221; custom_margin=&#8221;||4rem||false|false&#8221; border_radii=&#8221;on|20px|20px|20px|20px&#8221; box_shadow_style=&#8221;preset2&#8243; global_colors_info=&#8221;{}&#8221;][\/et_pb_image][\/et_pb_column][et_pb_column type=&#8221;1_2&#8243; _builder_version=&#8221;4.25.1&#8243; _module_preset=&#8221;default&#8221; global_colors_info=&#8221;{}&#8221;][et_pb_image src=&#8221;https:\/\/elcentenariograndrapids.com\/wp-content\/uploads\/2026\/02\/517400633_706097255656270_6419272175848882210_n.jpg&#8221; title_text=&#8221;517400633_706097255656270_6419272175848882210_n&#8221; align=&#8221;center&#8221; _builder_version=&#8221;4.27.5&#8243; _module_preset=&#8221;default&#8221; width_tablet=&#8221;80%&#8221; width_phone=&#8221;100%&#8221; width_last_edited=&#8221;on|desktop&#8221; custom_margin=&#8221;||4rem||false|false&#8221; border_radii=&#8221;on|20px|20px|20px|20px&#8221; box_shadow_style=&#8221;preset2&#8243; global_colors_info=&#8221;{}&#8221;][\/et_pb_image][et_pb_button button_url=&#8221;https:\/\/elcentenariograndrapids.com\/visitanos\/&#8221; url_new_window=&#8221;on&#8221; button_text=&#8221;Vis\u00edtanos&#8221; button_alignment=&#8221;center&#8221; _builder_version=&#8221;4.27.5&#8243; _module_preset=&#8221;c25c7353-869a-47b2-9912-fabaae31bb86&#8243; button_text_size=&#8221;1.1rem&#8221; button_bg_color=&#8221;#ec662e&#8221; button_border_width=&#8221;1px&#8221; button_border_radius=&#8221;10px&#8221; button_font=&#8221;&#8211;et_global_body_font|700||on|||||&#8221; custom_margin=&#8221;11rem||||false|false&#8221; custom_margin_tablet=&#8221;11rem||||false|false&#8221; custom_margin_phone=&#8221;4rem||||false|false&#8221; custom_margin_last_edited=&#8221;on|phone&#8221; custom_padding=&#8221;1rem|6rem|1rem|6rem|false|true&#8221; custom_padding_tablet=&#8221;1rem|6rem|1rem|6rem|true|true&#8221; custom_padding_phone=&#8221;1rem|6rem|1rem|6rem|true|true&#8221; custom_padding_last_edited=&#8221;on|phone&#8221; button_bg_color_tablet=&#8221;#f2b705&#8243; button_bg_color_phone=&#8221;#d92b04&#8243; button_bg_color_last_edited=&#8221;on|desktop&#8221; button_bg_enable_color_phone=&#8221;on&#8221; box_shadow_style=&#8221;preset2&#8243; box_shadow_color=&#8221;#7CDA24&#8243; locked=&#8221;off&#8221; global_colors_info=&#8221;{}&#8221; button_bg_color__hover_enabled=&#8221;on|desktop&#8221; button_bg_color__hover=&#8221;#c48c25&#8243; button_bg_enable_color__hover=&#8221;on&#8221;][\/et_pb_button][\/et_pb_column][\/et_pb_row][\/et_pb_section]<\/p>\n","protected":false},"excerpt":{"rendered":"<p>Te esperamos para compartir el verdadero sabor mexicanoEl Centenario nace del orgullo por la cocina mexicana. Creemos que la comida mexicana no solo se prepara\u2026 se honra. Cada receta representa tradici\u00f3n, familia y cultura. Salsas preparadas con car\u00e1cter Platillos con identidad Atenci\u00f3n cercana <div class=\"et_pb_module wdcl_image_carousel wdcl_image_carousel_0\">\n\t\t\t\t\n\t\t\t\t\n\t\t\t\t\n\t\t\t\t\n\t\t\t\t\n\t\t\t\t\n\t\t\t\t<div class=\"et_pb_module_inner\">\n\t\t\t\t\t<div dir=\"ltr\" class=\"dcm-container dcm-carousel-maker dcm-lightbox-disabled dcm-centered dcm-centered--highlighted\" data-pagi=\"false\"\n\t\t\tdata-pagi-tablet=\"false\"\n\t\t\tdata-pagi-phone=\"false\"\n\t\t\tdata-nav=\"false\"\n\t\t\tdata-nav-tablet=\"false\"\n\t\t\tdata-nav-phone=\"false\"\n\t\t\tdata-autoplay=\"on\"\n\t\t\tdata-autoplay-speed=\"2000ms\"\n\t\t\tdata-speed=\"700ms\"\n\t\t\tdata-slides=\"1\"\n\t\t\tdata-slides-tablet=\"1\"\n\t\t\tdata-slides-phone=\"1\"\n\t\t\tdata-center=\"on\"\n\t\t\tdata-center-mode-type=\"highlighted\"\n\t\t\tdata-center-padding=\"70px||\"\n\t\t\tdata-vertical=\"off\"\n\t\t\tdata-icon-left=\"4\"\n\t\t\tdata-icon-right=\"5\"\n\t\t\tdata-infinite=\"on\"\n\t\t\tdata-variable-width=\"off\"\n\t\t\tdata-auto-height=\"off\"\n\t\t\tdata-items-scroll=\"1||\"\n\t\t\tdata-fade=\"off\"\n\t\t\tdata-dir=\"ltr\">\n                \n            <\/div>\n\t\t\t\t<\/div>\n\t\t\t<\/div><div class=\"wdcl_image_carousel_child wdcl_image_carousel_child_0 wdc_et_pb_module\">\n\t\t\t\t\n\t\t\t\t\n\t\t\t\t\n\t\t\t\t\n\t\t\t\t\n\t\t\t\t\n\t\t\t\t<div class=\"et_pb_module_inner\">\n\t\t\t\t\t<div class=\"dcm-carousel-item dcm-image-swap dcm-hover--none\">\n\t\t\t\t<figure class=\"dcm-lightbox-ctrl\">\n\t\t\t\t<div class=\"dcm-overlay\" data-icon=\"\"><\/div>\n\t\t\t\t<img decoding=\"async\" class=\"dcm-main-img\" data-mfp-src=\"\" src=\"\" alt=\"\"\/>\n            <\/figure> \n\t\t\t<\/div>\n\t\t\t\t<\/div>\n\t\t\t<\/div><\/p>","protected":false},"author":1,"featured_media":0,"parent":0,"menu_order":0,"comment_status":"closed","ping_status":"closed","template":"","meta":{"_et_pb_use_builder":"on","_et_pb_old_content":"","_et_gb_content_width":"","footnotes":""},"class_list":["post-253","page","type-page","status-publish","hentry"],"_hostinger_reach_plugin_has_subscription_block":false,"_hostinger_reach_plugin_is_elementor":false,"_links":{"self":[{"href":"https:\/\/elcentenariograndrapids.com\/en\/wp-json\/wp\/v2\/pages\/253","targetHints":{"allow":["GET"]}}],"collection":[{"href":"https:\/\/elcentenariograndrapids.com\/en\/wp-json\/wp\/v2\/pages"}],"about":[{"href":"https:\/\/elcentenariograndrapids.com\/en\/wp-json\/wp\/v2\/types\/page"}],"author":[{"embeddable":true,"href":"https:\/\/elcentenariograndrapids.com\/en\/wp-json\/wp\/v2\/users\/1"}],"replies":[{"embeddable":true,"href":"https:\/\/elcentenariograndrapids.com\/en\/wp-json\/wp\/v2\/comments?post=253"}],"version-history":[{"count":13,"href":"https:\/\/elcentenariograndrapids.com\/en\/wp-json\/wp\/v2\/pages\/253\/revisions"}],"predecessor-version":[{"id":488,"href":"https:\/\/elcentenariograndrapids.com\/en\/wp-json\/wp\/v2\/pages\/253\/revisions\/488"}],"wp:attachment":[{"href":"https:\/\/elcentenariograndrapids.com\/en\/wp-json\/wp\/v2\/media?parent=253"}],"curies":[{"name":"wp","href":"https:\/\/api.w.org\/{rel}","templated":true}]}}