{"id":237,"date":"2025-12-13T01:07:54","date_gmt":"2025-12-13T01:07:54","guid":{"rendered":"https:\/\/elcentenariograndrapids.com\/?page_id=237"},"modified":"2026-02-21T03:38:36","modified_gmt":"2026-02-21T03:38:36","slug":"especiales","status":"publish","type":"page","link":"https:\/\/elcentenariograndrapids.com\/en\/especiales\/","title":{"rendered":"Specials"},"content":{"rendered":"<p>[et_pb_section fb_built=&#8221;1&#8243; admin_label=&#8221;Header&#8221; _builder_version=&#8221;4.27.5&#8243; _module_preset=&#8221;default&#8221; background_color=&#8221;#c48c25&#8243; use_background_color_gradient=&#8221;on&#8221; background_color_gradient_stops=&#8221;rgba(10,10,10,0.5) 0%|rgba(0,0,0,0.6) 100%&#8221; background_color_gradient_overlays_image=&#8221;on&#8221; background_image=&#8221;https:\/\/elcentenariograndrapids.com\/wp-content\/uploads\/2026\/02\/532447346_731274566471872_982674396543805970_n.jpg&#8221; parallax=&#8221;on&#8221; custom_padding=&#8221;2rem||3rem||false|false&#8221; bottom_divider_style=&#8221;slant&#8221; bottom_divider_color=&#8221;#c48c25&#8243; bottom_divider_height_tablet=&#8221;59px&#8221; bottom_divider_height_phone=&#8221;43px&#8221; bottom_divider_height_last_edited=&#8221;on|phone&#8221; collapsed=&#8221;on&#8221; global_colors_info=&#8221;{}&#8221;][et_pb_row column_structure=&#8221;1_2,1_2&#8243; use_custom_gutter=&#8221;on&#8221; make_equal=&#8221;on&#8221; _builder_version=&#8221;4.27.4&#8243; _module_preset=&#8221;default&#8221; width=&#8221;90%&#8221; width_tablet=&#8221;80%&#8221; width_phone=&#8221;80%&#8221; width_last_edited=&#8221;on|desktop&#8221; max_width=&#8221;none&#8221; global_colors_info=&#8221;{}&#8221;][et_pb_column type=&#8221;1_2&#8243; _builder_version=&#8221;4.24.3&#8243; _module_preset=&#8221;default&#8221; global_colors_info=&#8221;{}&#8221;][et_pb_heading title=&#8221;Especiales que celebran el sabor&#8221; _builder_version=&#8221;4.27.5&#8243; _module_preset=&#8221;_initial&#8221; title_font=&#8221;&#8211;et_global_heading_font|||on|||||&#8221; title_text_align=&#8221;left&#8221; title_text_color=&#8221;#FFFFFF&#8221; title_font_size=&#8221;4rem&#8221; custom_margin=&#8221;9rem||||false|false&#8221; title_font_size_tablet=&#8221;4rem&#8221; title_font_size_phone=&#8221;3rem&#8221; title_font_size_last_edited=&#8221;on|phone&#8221; global_colors_info=&#8221;{}&#8221;][\/et_pb_heading][et_pb_text _builder_version=&#8221;4.27.5&#8243; _module_preset=&#8221;_initial&#8221; text_font=&#8221;&#8211;et_global_body_font|500|||||||&#8221; text_text_color=&#8221;#FFFFFF&#8221; text_font_size=&#8221;20px&#8221; text_orientation=&#8221;center&#8221; custom_padding=&#8221;||||false|false&#8221; global_colors_info=&#8221;{}&#8221;]<\/p>\n<p style=\"text-align: left;\">Combinaciones \u00fanicas pensadas para que disfrutes m\u00e1s por menos.<\/p>\n<p data-start=\"3107\" data-end=\"3148\" style=\"text-align: left;\">Nuestros especiales est\u00e1n dise\u00f1ados para:<\/p>\n<ul data-start=\"3150\" data-end=\"3236\">\n<li data-start=\"3150\" data-end=\"3174\" style=\"text-align: left;\">\n<p data-start=\"3152\" data-end=\"3174\">Probar algo distinto<\/p>\n<\/li>\n<li data-start=\"3175\" data-end=\"3199\" style=\"text-align: left;\">\n<p data-start=\"3177\" data-end=\"3199\">Compartir en familia<\/p>\n<\/li>\n<li data-start=\"3200\" data-end=\"3236\">\n<p data-start=\"3202\" data-end=\"3236\" style=\"text-align: left;\">Disfrutar promociones exclusivas<\/p>\n<\/li>\n<\/ul>\n<p>[\/et_pb_text][et_pb_button url_new_window=&#8221;on&#8221; button_text=&#8221;Ordena tu especial&#8221; button_alignment=&#8221;center&#8221; _builder_version=&#8221;4.27.5&#8243; _module_preset=&#8221;c25c7353-869a-47b2-9912-fabaae31bb86&#8243; button_text_size=&#8221;1.1rem&#8221; button_bg_color=&#8221;#ed662d&#8221; button_border_width=&#8221;1px&#8221; button_border_radius=&#8221;10px&#8221; button_font=&#8221;&#8211;et_global_body_font|700||on|||||&#8221; custom_margin=&#8221;4rem||||false|false&#8221; custom_padding=&#8221;1rem|6rem|1rem|6rem|true|true&#8221; custom_padding_tablet=&#8221;1rem|6rem|1rem|6rem|true|true&#8221; custom_padding_phone=&#8221;1rem|6rem|1rem|6rem|true|true&#8221; custom_padding_last_edited=&#8221;on|phone&#8221; hover_enabled=&#8221;0&#8243; button_bg_color_tablet=&#8221;#f2b705&#8243; button_bg_color_phone=&#8221;#d92b04&#8243; button_bg_color_last_edited=&#8221;on|desktop&#8221; button_bg_enable_color_phone=&#8221;on&#8221; box_shadow_style=&#8221;preset2&#8243; box_shadow_color=&#8221;#54ed2d&#8221; locked=&#8221;off&#8221; global_colors_info=&#8221;{}&#8221; button_bg_color__hover_enabled=&#8221;on|hover&#8221; button_bg_color__hover=&#8221;#c48c25&#8243; button_bg_enable_color__hover=&#8221;on&#8221; button_url=&#8221;https:\/\/fromtherestaurant.com\/el-centenario-mexican-grill\/locations\/&#8221; sticky_enabled=&#8221;0&#8243;][\/et_pb_button][\/et_pb_column][et_pb_column type=&#8221;1_2&#8243; _builder_version=&#8221;4.24.3&#8243; _module_preset=&#8221;default&#8221; global_colors_info=&#8221;{}&#8221;][\/et_pb_column][\/et_pb_row][\/et_pb_section][et_pb_section fb_built=&#8221;1&#8243; admin_label=&#8221;About&#8221; _builder_version=&#8221;4.27.5&#8243; _module_preset=&#8221;default&#8221; background_color=&#8221;#c48c25&#8243; background_enable_pattern_style=&#8221;on&#8221; background_pattern_style=&#8221;waves&#8221; background_pattern_size=&#8221;custom&#8221; background_pattern_width=&#8221;81px&#8221; background_pattern_horizontal_offset=&#8221;-100%&#8221; background_enable_mask_style=&#8221;on&#8221; background_mask_style=&#8221;diagonal-pills&#8221; background_mask_color=&#8221;#0d0d0d&#8221; background_mask_size=&#8221;cover&#8221; collapsed=&#8221;on&#8221; global_colors_info=&#8221;{}&#8221;][et_pb_row column_structure=&#8221;1_2,1_2&#8243; _builder_version=&#8221;4.27.4&#8243; _module_preset=&#8221;default&#8221; max_width=&#8221;none&#8221; global_colors_info=&#8221;{}&#8221;][et_pb_column type=&#8221;1_2&#8243; _builder_version=&#8221;4.24.3&#8243; _module_preset=&#8221;default&#8221; global_colors_info=&#8221;{}&#8221;][et_pb_heading title=&#8221;Cada semana destacamos platillos seleccionados que combinan tradici\u00f3n y excelente valor.&#8221; _builder_version=&#8221;4.27.5&#8243; _module_preset=&#8221;_initial&#8221; title_font=&#8221;&#8211;et_global_heading_font|500|||||||&#8221; title_text_color=&#8221;#F9F6ED&#8221; title_font_size=&#8221;3vw&#8221; title_text_align_tablet=&#8221;center&#8221; title_text_align_phone=&#8221;center&#8221; title_text_align_last_edited=&#8221;on|tablet&#8221; title_font_size_tablet=&#8221;48px&#8221; title_font_size_phone=&#8221;32px&#8221; title_font_size_last_edited=&#8221;on|phone&#8221; title_text_shadow_style=&#8221;preset2&#8243; global_colors_info=&#8221;{%22gcid-3e93bdc5-146d-448e-a761-9f1b4dd51113%22:%91%22link_text_color%22,%22quote_border_color%22,%22link_text_color%22,%22quote_border_color%22%93,%22gcid-c7d8f091-13fc-48ff-a161-01fd58ed72d5%22:%91%22quote_text_color%22,%22quote_text_color%22,%22quote_text_color%22%93}&#8221;][\/et_pb_heading][et_pb_text _builder_version=&#8221;4.27.4&#8243; _module_preset=&#8221;_initial&#8221; text_font=&#8221;&#8211;et_global_body_font|500|||||||&#8221; text_text_color=&#8221;#f9f6ed&#8221; text_orientation_tablet=&#8221;center&#8221; text_orientation_phone=&#8221;center&#8221; text_orientation_last_edited=&#8221;on|desktop&#8221; global_colors_info=&#8221;{}&#8221;]<\/p>\n<p>Nuestros especiales te ofrecen <strong data-start=\"3730\" data-end=\"3764\">sabor, variedad y precio justo<\/strong>.<\/p>\n<p>Cada semana renovamos nuestros especiales para que disfrutes nuevos sabores sin perder lo cl\u00e1sico de la cocina mexicana.<\/p>\n<p>[\/et_pb_text][et_pb_image src=&#8221;https:\/\/elcentenariograndrapids.com\/wp-content\/uploads\/2026\/02\/Shrimp-Fajita.png&#8221; title_text=&#8221;Shrimp-Fajita&#8221; align_tablet=&#8221;center&#8221; align_phone=&#8221;center&#8221; align_last_edited=&#8221;on|phone&#8221; _builder_version=&#8221;4.27.5&#8243; _module_preset=&#8221;default&#8221; width=&#8221;64%&#8221; width_tablet=&#8221;33%&#8221; width_phone=&#8221;58%&#8221; width_last_edited=&#8221;on|desktop&#8221; global_colors_info=&#8221;{}&#8221;][\/et_pb_image][\/et_pb_column][et_pb_column type=&#8221;1_2&#8243; _builder_version=&#8221;4.24.3&#8243; _module_preset=&#8221;default&#8221; global_colors_info=&#8221;{}&#8221;][wdcl_image_carousel animation_speed=&#8221;2300ms&#8221; autoplay_speed=&#8221;1600ms&#8221; nav_pagi=&#8221;none&#8221; slide_count=&#8221;1&#8243; is_center=&#8221;on&#8221; center_mode_type=&#8221;highlighted&#8221; _builder_version=&#8221;4.27.5&#8243; _module_preset=&#8221;default&#8221; width=&#8221;79%&#8221; module_alignment=&#8221;center&#8221; border_radii=&#8221;on|20px|20px|20px|20px&#8221; box_shadow_style=&#8221;preset2&#8243; global_colors_info=&#8221;{}&#8221;][wdcl_image_carousel_child photo=&#8221;https:\/\/elcentenariograndrapids.com\/wp-content\/uploads\/2026\/02\/518450802_710580915207904_7699240160107698279_n.jpg&#8221; _builder_version=&#8221;4.27.5&#8243; _module_preset=&#8221;default&#8221; global_colors_info=&#8221;{}&#8221;][\/wdcl_image_carousel_child][wdcl_image_carousel_child photo=&#8221;https:\/\/elcentenariograndrapids.com\/wp-content\/uploads\/2026\/02\/518278060_708370168762312_7874583038732064644_n.jpg&#8221; _builder_version=&#8221;4.27.5&#8243; _module_preset=&#8221;default&#8221; global_colors_info=&#8221;{}&#8221;][\/wdcl_image_carousel_child][wdcl_image_carousel_child photo=&#8221;https:\/\/elcentenariograndrapids.com\/wp-content\/uploads\/2026\/02\/633670414_876041021995225_4569274433376332058_n.jpg&#8221; _builder_version=&#8221;4.27.5&#8243; _module_preset=&#8221;default&#8221; global_colors_info=&#8221;{}&#8221;][\/wdcl_image_carousel_child][\/wdcl_image_carousel][\/et_pb_column][\/et_pb_row][\/et_pb_section][et_pb_section fb_built=&#8221;1&#8243; admin_label=&#8221;Contact Info&#8221; _builder_version=&#8221;4.27.5&#8243; _module_preset=&#8221;default&#8221; background_color=&#8221;#c48c25&#8243; background_image=&#8221;https:\/\/elcentenariograndrapids.com\/wp-content\/uploads\/2026\/02\/532041579_731274596471869_7013231830121843168_n.jpg&#8221; background_blend=&#8221;multiply&#8221; background_enable_mask_style=&#8221;on&#8221; background_mask_style=&#8221;corner-blob&#8221; background_mask_color=&#8221;#000000&#8243; background_mask_transform=&#8221;flip_horizontal|invert&#8221; custom_padding=&#8221;6vw|10vw||10vw|false|true&#8221; collapsed=&#8221;on&#8221; global_colors_info=&#8221;{}&#8221;][et_pb_row column_structure=&#8221;1_2,1_2&#8243; _builder_version=&#8221;4.27.5&#8243; _module_preset=&#8221;default&#8221; width=&#8221;100%&#8221; max_width=&#8221;1450px&#8221; module_alignment=&#8221;right&#8221; scroll_vertical_motion_enable=&#8221;on&#8221; scroll_vertical_motion=&#8221;0|50|50|100|1|0|-1&#8243; global_colors_info=&#8221;{}&#8221;][et_pb_column type=&#8221;1_2&#8243; _builder_version=&#8221;4.24.3&#8243; _module_preset=&#8221;default&#8221; global_colors_info=&#8221;{}&#8221;][et_pb_image src=&#8221;https:\/\/elcentenariograndrapids.com\/wp-content\/uploads\/2026\/02\/27.png&#8221; title_text=&#8221;27&#8243; _builder_version=&#8221;4.27.5&#8243; _module_preset=&#8221;default&#8221; global_colors_info=&#8221;{}&#8221;][\/et_pb_image][\/et_pb_column][et_pb_column type=&#8221;1_2&#8243; _builder_version=&#8221;4.27.5&#8243; _module_preset=&#8221;default&#8221; background_color=&#8221;rgba(0,0,0,0.57)&#8221; custom_padding=&#8221;6vw|60px|6vw|60px|true|true&#8221; custom_padding_tablet=&#8221;30px|30px|30px|30px|true|true&#8221; custom_padding_phone=&#8221;20px|20px|20px|20px|true|true&#8221; custom_padding_last_edited=&#8221;on|desktop&#8221; border_radii=&#8221;on|20px|20px|20px|20px&#8221; box_shadow_style=&#8221;preset2&#8243; box_shadow_color=&#8221;#54ed2d&#8221; global_colors_info=&#8221;{}&#8221;][et_pb_heading title=&#8221;Aprovecha los especiales hoy&#8221; _builder_version=&#8221;4.27.5&#8243; _module_preset=&#8221;_initial&#8221; title_font=&#8221;&#8211;et_global_heading_font|500|||||||&#8221; title_text_align=&#8221;center&#8221; title_text_color=&#8221;#F9F6ED&#8221; title_font_size=&#8221;3vw&#8221; title_font_size_tablet=&#8221;48px&#8221; title_font_size_phone=&#8221;32px&#8221; title_font_size_last_edited=&#8221;on|phone&#8221; title_text_shadow_style=&#8221;preset2&#8243; global_colors_info=&#8221;{%22gcid-3e93bdc5-146d-448e-a761-9f1b4dd51113%22:%91%22link_text_color%22,%22quote_border_color%22,%22link_text_color%22,%22quote_border_color%22%93,%22gcid-c7d8f091-13fc-48ff-a161-01fd58ed72d5%22:%91%22quote_text_color%22,%22quote_text_color%22,%22quote_text_color%22%93}&#8221;][\/et_pb_heading][et_pb_text _builder_version=&#8221;4.27.5&#8243; _module_preset=&#8221;_initial&#8221; text_font=&#8221;&#8211;et_global_body_font|500|||||||&#8221; text_text_color=&#8221;#f9f6ed&#8221; text_orientation_tablet=&#8221;center&#8221; text_orientation_phone=&#8221;center&#8221; text_orientation_last_edited=&#8221;on|desktop&#8221; locked=&#8221;off&#8221; global_colors_info=&#8221;{}&#8221;]<\/p>\n<ul data-start=\"3392\" data-end=\"3458\">\n<li data-start=\"3413\" data-end=\"3432\">\n<p data-start=\"3107\" data-end=\"3148\">Nuestros especiales est\u00e1n dise\u00f1ados para:<\/p>\n<ul data-start=\"3150\" data-end=\"3236\">\n<li data-start=\"3150\" data-end=\"3174\">\n<p data-start=\"3152\" data-end=\"3174\">Probar algo distinto<\/p>\n<\/li>\n<li data-start=\"3175\" data-end=\"3199\">\n<p data-start=\"3177\" data-end=\"3199\">Compartir en familia<\/p>\n<\/li>\n<li data-start=\"3200\" data-end=\"3236\">\n<p data-start=\"3202\" data-end=\"3236\">Disfrutar promociones exclusivas<\/p>\n<\/li>\n<\/ul>\n<\/li>\n<\/ul>\n<p>[\/et_pb_text][\/et_pb_column][\/et_pb_row][\/et_pb_section]<\/p>\n","protected":false},"excerpt":{"rendered":"<p>Combinaciones \u00fanicas pensadas para que disfrutes m\u00e1s por menos. Nuestros especiales est\u00e1n dise\u00f1ados para: Probar algo distinto Compartir en familia Disfrutar promociones exclusivas Nuestros especiales te ofrecen sabor, variedad y precio justo. Cada semana renovamos nuestros especiales para que disfrutes nuevos sabores sin perder lo cl\u00e1sico de la cocina mexicana.<div class=\"et_pb_module wdcl_image_carousel wdcl_image_carousel_0\">\n\t\t\t\t\n\t\t\t\t\n\t\t\t\t\n\t\t\t\t\n\t\t\t\t\n\t\t\t\t\n\t\t\t\t<div class=\"et_pb_module_inner\">\n\t\t\t\t\t<div dir=\"ltr\" class=\"dcm-container dcm-carousel-maker dcm-lightbox-disabled\" data-pagi=\"false\"\n\t\t\tdata-pagi-tablet=\"false\"\n\t\t\tdata-pagi-phone=\"false\"\n\t\t\tdata-nav=\"false\"\n\t\t\tdata-nav-tablet=\"false\"\n\t\t\tdata-nav-phone=\"false\"\n\t\t\tdata-autoplay=\"on\"\n\t\t\tdata-autoplay-speed=\"&#8221;1600ms&#8221;\"\n\t\t\tdata-speed=\"&#8221;2300ms&#8221;\"\n\t\t\tdata-slides=\"&#8221;1&#8243;\"\n\t\t\tdata-slides-tablet=\"&#8221;1&#8243;\"\n\t\t\tdata-slides-phone=\"&#8221;1&#8243;\"\n\t\t\tdata-center=\"&#8221;on&#8221;\"\n\t\t\tdata-center-mode-type=\"classic\"\n\t\t\tdata-center-padding=\"70px||\"\n\t\t\tdata-vertical=\"off\"\n\t\t\tdata-icon-left=\"4\"\n\t\t\tdata-icon-right=\"5\"\n\t\t\tdata-infinite=\"on\"\n\t\t\tdata-variable-width=\"off\"\n\t\t\tdata-auto-height=\"off\"\n\t\t\tdata-items-scroll=\"1||\"\n\t\t\tdata-fade=\"off\"\n\t\t\tdata-dir=\"ltr\">\n                \n            <\/div>\n\t\t\t\t<\/div>\n\t\t\t<\/div><\/p>","protected":false},"author":1,"featured_media":0,"parent":0,"menu_order":0,"comment_status":"closed","ping_status":"closed","template":"","meta":{"_et_pb_use_builder":"on","_et_pb_old_content":"","_et_gb_content_width":"","footnotes":""},"class_list":["post-237","page","type-page","status-publish","hentry"],"_hostinger_reach_plugin_has_subscription_block":false,"_hostinger_reach_plugin_is_elementor":false,"_links":{"self":[{"href":"https:\/\/elcentenariograndrapids.com\/en\/wp-json\/wp\/v2\/pages\/237","targetHints":{"allow":["GET"]}}],"collection":[{"href":"https:\/\/elcentenariograndrapids.com\/en\/wp-json\/wp\/v2\/pages"}],"about":[{"href":"https:\/\/elcentenariograndrapids.com\/en\/wp-json\/wp\/v2\/types\/page"}],"author":[{"embeddable":true,"href":"https:\/\/elcentenariograndrapids.com\/en\/wp-json\/wp\/v2\/users\/1"}],"replies":[{"embeddable":true,"href":"https:\/\/elcentenariograndrapids.com\/en\/wp-json\/wp\/v2\/comments?post=237"}],"version-history":[{"count":26,"href":"https:\/\/elcentenariograndrapids.com\/en\/wp-json\/wp\/v2\/pages\/237\/revisions"}],"predecessor-version":[{"id":482,"href":"https:\/\/elcentenariograndrapids.com\/en\/wp-json\/wp\/v2\/pages\/237\/revisions\/482"}],"wp:attachment":[{"href":"https:\/\/elcentenariograndrapids.com\/en\/wp-json\/wp\/v2\/media?parent=237"}],"curies":[{"name":"wp","href":"https:\/\/api.w.org\/{rel}","templated":true}]}}